{"id":71,"date":"2022-05-12T13:37:19","date_gmt":"2022-05-12T13:37:19","guid":{"rendered":"https:\/\/eprojekt.teamx.cc\/?page_id=71"},"modified":"2022-05-19T13:21:38","modified_gmt":"2022-05-19T13:21:38","slug":"case-one","status":"publish","type":"page","link":"https:\/\/eprojekt.teamx.cc\/index.php\/case-studies\/case-one\/","title":{"rendered":"Case one"},"content":{"rendered":"\n<p>Es ist bereits eine ganze Weile her seit ich mich mit dem Thema Hausverbesserungsma\u00dfnahmen, Umbau, Energieeffizienz, CO2 Neutralit\u00e4t und \u00e4hnlichem bei meinem eigenen Haus besch\u00e4ftigte. Genauer gesagt fast 30 Jahre, denn ca. 1992 wurde das Einfamilienhaus, besser Doppelhaus, errichtet. Zum damaligen Zeitpunkt haben wir versucht so \u00f6konomisch und energieeffizient als m\u00f6glich zu bauen. Bei den Baumaterialien wurde darauf geachtet so nat\u00fcrliche als m\u00f6gliche Baustoffe zu verwenden. Die Au\u00dfenw\u00e4nde sollten dem damaligen Standard entsprechend gute D\u00e4mmwerte vorweisen. So entschieden wir uns f\u00fcr einen klassischen Ziegelbau mit Wienerberger Porotherm\/38 N+S als Au\u00dfenziegel.&nbsp;&nbsp;<\/p>\n\n\n\n<p>F\u00fcr das wohlige Raumklima waren wir sicherlich Vordenker und der damaligen Zeit ein wenig voraus. Wir entschieden uns im gesamten Haus f\u00fcr eine Wandheizung und in der K\u00fcche sowie im&nbsp; Bad zus\u00e4tzlich f\u00fcr eine Fu\u00dfbodenheizung. Aufgrund der Entscheidung f\u00fcr dieses Heizungssystem &#8211; Niedertemperatur ca. 38\u00b0 Vorlauftemperatur &#8211; bietet sich uns heute die M\u00f6glichkeit recht einfach auf ein alternatives Heizungssystem umzur\u00fcsten. Einziger Ausrei\u00dfer ist die Warmwasseraufbereitung, welche zumindest mit ca. 56\u00b0 erfolgen sollte um eine m\u00f6gliche Keimentstehung (Legion\u00e4rskrankheit) zu unterbinden. Die Heizung und die Warmwassererzeugung wird mittels einer Gastherme und einem ca. 200 Liter Kessel betrieben.&nbsp;<\/p>\n\n\n\n<p><strong>Beweggr\u00fcnde f\u00fcr die \u00c4nderung<\/strong><br>Durch die in den letzten Jahren anhaltenden Diskussionen \u00fcber Nachhaltigkeit in vielen unserer Lebensbereiche, verst\u00e4rkte sich dies besonders im Bereich der Energiegewinnung und dem nachhaltigen Heizen. Einer der Aspekte ist, dass unsere Ressourcen von fossilen Energien und Rohstoffen immer geringer werden und speziell auf Seite der Umwelt es unbedingt erforderlich ist in alternative Energietr\u00e4ger zu wechseln. Ein ebenso nicht zu vernachl\u00e4ssigbares Argument sind die stetig steigenden Kosten f\u00fcr GAS, \u00d6l, Strom und Kohle.&nbsp;<\/p>\n\n\n\n<p>Ein in unserem Fall wichtiger zus\u00e4tzlicher Punkt ist das Alter der Gastherme und Warmwasserkessel, welche bereits \u00fcber 30 Jahre recht sorgenfrei arbeiteten &#8211; aber die ersten Abnutzungserscheinungen zeigten sich bereits im Zuge der letzten au\u00dferordentlichen Wartungsarbeiten. Somit stellt sich die Frage unabh\u00e4ngig eines verpflichtenden Gasthermentauschs:&nbsp;<\/p>\n\n\n\n<ul><li>Wann muss aufgrund eines Defekts die Anlage getauscht werden?&nbsp;<\/li><li>Wird es zu dem Zeitpunkt rasch und ausreichend Alternativen geben?&nbsp;<\/li><\/ul>\n\n\n\n<p>Vorweg zur zweiten Frage (Sommer 2022): Derzeit besteht ein massiver Mangel an alternativen Systemen (z.B. W\u00e4rmepumpen) und es bestehen derzeit bereits Wartezeiten von bis zu einem Jahr f\u00fcr Neuinstallationen (Materialmangel, keine Arbeitszeitressourcen zur Verf\u00fcgung).&nbsp;<\/p>\n\n\n\n<p> <\/p>\n\n\n\n<blockquote class=\"wp-block-quote\"><p>Zitat Martin Luther King&nbsp;<\/p><cite>&#8220;Denen geh\u00f6rt die Zukunft, die sich bereits heute darauf vorbereiten&#8221;<\/cite><\/blockquote>\n\n\n\n<p><strong>Vision<\/strong><br>Unser Ziel ist ein \u00f6konomisch, umweltvertr\u00e4gliches, biologisches alternatives Energiegewinnungssystem zu erhalten, welches uns von jeglichem Anbieter unabh\u00e4ngig macht und ausreichend Energie (Heizung\/Warmwasser) und Strom (Strombedarf klassisch inkl. W\u00e4rmepumpe) f\u00fcr alle Bed\u00fcrfnisse liefert. Das Haus soll so vollst\u00e4ndig autark in Energiefragen werden.&nbsp;<br>Derzeit ist es kein Ziel das Haus auch thermisch zu sanieren bzw. besser zu D\u00e4mmen.&nbsp;<\/p>\n\n\n\n<p><strong>Was soll verbessert werden<\/strong><br>Die derzeitige Gastherme (Heizung\/Warmwasser) soll gegen ein alternatives Energiegewinnungssystem getauscht werden. Das neue System soll eine W\u00e4rmepumpe mit Tiefenbohrung (CO2) oder Luftw\u00e4rmepumpe zur Energiegewinnung sein und eine Solar-Photovoltaik Anlage zur Stromerzeugung f\u00fcr den gesamten Strombedarf inkl. W\u00e4rmepumpe beinhalten.&nbsp;<\/p>\n\n\n\n<p><strong>Erwartungshaltung der Detailrecherche<\/strong>&nbsp;<br>Wir hoffen durch die neue Heizungsanlage unabh\u00e4ngig von GAS zu werden und den derzeit (Winter 2021\/22) steigenden Energiepreisen entkommen zu k\u00f6nnen. Mittels einer Solar-Photovoltaik Anlage sollten wir zus\u00e4tzlich ein autarkes System schaffen k\u00f6nnen um nicht nochmals in Abh\u00e4ngigkeit der bestehenden Energieanbieter zu gelangen.&nbsp;<\/p>\n\n\n\n<p><strong>\u00d6rtliche Voraussetzungen<\/strong><br>Der Standort des Hauses ist im Umland Wien. Die s\u00fcdlich (Sonnenseite) gelegene H\u00e4lfte eines Doppelhauses.&nbsp;<\/p>\n\n\n\n<p><strong>Hausgr\u00f6\u00dfe und Standort<\/strong>&nbsp;<br>Das Haus hat drei Ebenen zu jede 63m\u00b2 (Summe 189m\u00b2)&nbsp;<br>Das Satteldach hat eine Dachneigung von 40\u00b0 Ost\/West mit einer Fl\u00e4che von ca. 72m\u00b2&nbsp;<\/p>\n\n\n\n<p><strong>Aktueller Verbrauch (Strom\/Heizung\/Warmwasser)<\/strong><br>Stromverbrauch sind ca. 3.500kWh \/ Jahr&nbsp;<br>Gasverbrauch sind im Schnitt ca. 25.000kWh \/ Jahr (Heizung u. Warmwasser)&nbsp;<\/p>\n\n\n\n<p><strong>Existierende Installation<\/strong><br>Die Gastherme wurde vor ca. 30 Jahren installiert und hat bis heute, mit wenigen Wartungsarbeiten, klaglos funktioniert. Sie sollte auch die kommenden Jahre bis zum vom Gesetzgeber vorgeschrieben Gasausstieg im Jahr 2040, im Einsatz bleiben. Durch die derzeit \u00fcberproportionale Energiepreissteigerung und den F\u00f6rderungsm\u00f6glichkeiten ist ein zeitnaher Umstieg geplant.&nbsp;<\/p>\n\n\n\n<p><strong>Leistung (kW) bestehende Anlage<\/strong><br>Die Gastherme Viessmann hat einen&nbsp;&nbsp;<br><em>W\u00e4rmeleistungsbereich (Outputrange) von 12 &#8211; 18 kW<\/em>&nbsp;<br>W\u00e4rmebelastungsbereich (Heatloadrange) von 18,5 &#8211; 29,0 kW&nbsp;<\/p>\n\n\n\n<p><strong>Heizungsinstallation<\/strong><br>Im gesamten Haus ist eine Wandheizung installiert. Zus\u00e4tzlich befindet sich im Bad und K\u00fcche eine Fu\u00dfbodenheizung. Technisch wird die Heizungen mit Niedertemperatur bis ca. 38\u00b0 Vorlauftemperatur betrieben.&nbsp;<\/p>\n\n\n\n<p><strong>Ausgearbeitete Handlungsoptionen<\/strong><br>Die Ausarbeitung alternativer Energien haben wir in ein eigenes Kapitel geschrieben um unabh\u00e4ngig dar\u00fcber zu berichten und unsere Eindr\u00fccke besser darstellen zu k\u00f6nnen. Dem Grunde nach gelten diese Handlungsoptionen (Erkl\u00e4rung der einzelnen betrachteten Energiequellen mit Vor-\/Nachteilen) f\u00fcr alle Case Studies gleich. Der Unterschied besteht aufgrund der individuellen jeweiligen Gegebenheiten von Hausgr\u00f6\u00dfe (Wohnfl\u00e4che), Lage (Ausrichtung Himmelsrichtung), W\u00e4rmeisolierung und r\u00e4umlicher M\u00f6glichkeiten um m\u00f6gliche alternative Energiequellen installieren und betreiben zu k\u00f6nnen.&nbsp;<\/p>\n\n\n\n<p><a href=\"https:\/\/eprojekt.teamx.cc\/index.php\/alternative-energie\/\" data-type=\"URL\" data-id=\"https:\/\/eprojekt.teamx.cc\/index.php\/alternative-energie\/\">Alternative Energien<\/a><\/p>\n\n\n\n<p><strong>Berechnung alternativer Heizsysteme<\/strong><br>Da die Berechnung etwas sehr Spezielles ist und die Verbesserungsma\u00dfnahmen nicht ausschlie\u00dflich von der Umstellung auf ein alternatives Heizungssystem abh\u00e4ngt, finden sich hier nur die Links zu den offiziellen staatlichen Seiten. Auf diesen finden sich immer wieder neuste Trends, Beitr\u00e4ge und Aktualisierungen zum Thema Energiesparen, F\u00f6rderungen und Berechnungstools.&nbsp;<\/p>\n\n\n\n<p>Einen schnellen \u00dcberblick erh\u00e4lt man \u00fcber diese Matrix:&nbsp;<\/p>\n\n\n\n<ul><li><a href=\"http:\/\/www.energieinstitut.at\/tools\/matrixweb\/\" data-type=\"URL\" data-id=\"http:\/\/www.energieinstitut.at\/tools\/matrixweb\/\" target=\"_blank\" rel=\"noreferrer noopener\">Energieinstitut Matrix<\/a>&nbsp;&nbsp;<\/li><li><a href=\"https:\/\/www.bmk.gv.at\/\" data-type=\"URL\" data-id=\"https:\/\/www.bmk.gv.at\/\" target=\"_blank\" rel=\"noreferrer noopener\">Bundesministerium f\u00fcr Klimaschutz, Umwelt, Energie, Mobilit\u00e4t, Innovation und Technologie<\/a>&nbsp;&nbsp;<\/li><li><a rel=\"noreferrer noopener\" href=\"https:\/\/www.klimaaktiv.at\/\" data-type=\"URL\" data-id=\"https:\/\/www.klimaaktiv.at\/\" target=\"_blank\">Klimaaktiv<\/a><\/li><\/ul>\n\n\n\n<p><strong>Diskussion der optimalen L\u00f6sung<\/strong><br>Um eine Basis zur Entscheidungsfindung zu erhalten, habe ich zu Beginn die rechtlichen Rahmenbedingungen bei der Gemeinde, dem Bezirksbauamt und Wasserschutzbeh\u00f6rde abgekl\u00e4rt. Rechtlich und technisch m\u00f6glich k\u00f6nnte ich bei Ersatz der Gastherme auf eine W\u00e4rmepumpe mit Wasser-Wasser (Brunnen), Luft-Wasser oder Tiefenbohrung umstellen. Da sich jedoch in n\u00e4herer Umgebung bereits mehrere Wasser-Wasser W\u00e4rmepumpen Anlagen befinden, empfiehlt die Wasserschutzbeh\u00f6rde wegen m\u00f6glicher geringerer Effizienz eine der beiden Anderen zu bevorzugen.&nbsp;<\/p>\n\n\n\n<p>Da es sich um eine Verbesserungsma\u00dfnahme eines bestehenden Hauses handelt und nicht einem Neubau m\u00fcssen die r\u00e4umlichen M\u00f6glichkeiten mit den technischen ebenso abgestimmt werden. Und so bleiben bei genauer Betrachtung bei den W\u00e4rmepumpen die Luft-Wasser und CO2 Tiefenbohrung \u00fcber. Eine Pelletheizung wird mangels Lagerraums ausgeschlossen.&nbsp;<\/p>\n\n\n\n<p>Das bestehende Ost\/West Dach w\u00fcrde von der Fl\u00e4che ausreichen um den Jahresstrombedarf f\u00fcr Haus und W\u00e4rmepumpe mittels Solar-Photovoltaik Anlage zu erzeugen &#8211; zumindest in Verbindung mit einem Batteriespeicher. Solar-Thermie zur Warmwasseraufbereitung ist technisch nicht sinnvoll umsetzbar.&nbsp;<\/p>\n\n\n\n<p><strong>Entscheidung \u00fcber das zuk\u00fcnftige Heizsystem<\/strong><br>Mit der Entscheidung auf ein alternatives Heizungssystem wollte ich noch zuwarten, da das bestehende Heizungssystem problemlos seinen Dienst verrichtet und auch von den Kosten, zumindest bis Herbst 2021, mit entsprechendem Tarif sehr g\u00fcnstig war. Dies \u00e4nderte sich durch den Ukraine Konflikt (2022) jedoch schlagartig und wird vermutlich auch in naher Zukunft nicht mehr umkehrbar sein. Durch die derzeitigen F\u00f6rderma\u00dfnahmen f\u00fcr den Umstieg &#8220;raus aus \u00d6L und GAS&#8221; (https:\/\/kesseltausch.at\/) und zus\u00e4tzlichen Bundesf\u00f6rderungen wird der Umstieg sehr schmackhaft gemacht. Aus diesem Grund haben wir uns entschieden auf eine W\u00e4rmepumpe mit CO2 Sonde und Tiefenbohrung zu wechseln. Derzeit pr\u00fcfen wir die Umsetzbarkeit, da die Zufahrt zur m\u00f6glichen Bohrstelle nur \u00fcber ein Nachbargrundst\u00fcck m\u00f6glich ist und somit kommt ein weiterer nicht kalkulierbarere Unsicherheitsfaktor hinzu. Erg\u00e4nzt wird, wenn auch nicht unmittelbar, das neue Heizungssystem durch eine Photovoltaikanlage, welche den erh\u00f6hten W\u00e4rmepumpenstrombedarf ausgleichen soll.&nbsp;<\/p>\n\n\n\n<p><strong>Lohnt sich der Umstieg<\/strong><br>Bei n\u00fcchterner Betrachtung w\u00fcrden wir, ohne die derzeit (2021\/22) explodierenden Energiekosten und hervorragenden F\u00f6rderma\u00dfnahmen zu ber\u00fccksichtigen, die hohen Investitionskosten verschieben. Ebenso ist anzunehmen, dass bis zur vorgeschriebene Gasabl\u00f6se im Jahr 2040 noch bessere alternative Heizungssysteme auf den Markt kommen werden.&nbsp;<\/p>\n\n\n\n<p>Den Umstieg auf Waldbiomasse &#8211; Holz (Pellet, Hackschnitzel, Holzscheite) finden wir f\u00fcr uns nicht empfehlenswert, da es eine Preisbindung mit \u00d6l\/GAS gib und somit auch hier mit eine stetigen Kostensteigerung zu rechnen ist. Au\u00dferdem ist das Gut-Holz nicht unendlich verf\u00fcgbar. Es sollte nur dort verwendet werden wo ausreichend vorhanden und die Lieferkette kurz ist.&nbsp;&nbsp;<\/p>\n","protected":false},"excerpt":{"rendered":"<p>Es ist bereits eine ganze Weile her seit ich mich mit dem Thema Hausverbesserungsma\u00dfnahmen, Umbau, Energieeffizienz, CO2 Neutralit\u00e4t und \u00e4hnlichem bei meinem eigenen Haus besch\u00e4ftigte. Genauer gesagt fast 30 Jahre, denn ca. 1992 wurde das Einfamilienhaus, besser Doppelhaus, errichtet. Zum damaligen Zeitpunkt haben wir versucht so \u00f6konomisch und energieeffizient als m\u00f6glich zu bauen. Bei den Baumaterialien wurde darauf geachtet so nat\u00fcrliche als m\u00f6gliche Baustoffe zu verwenden. Die Au\u00dfenw\u00e4nde sollten dem damaligen Standard entsprechend gute D\u00e4mmwerte vorweisen. So entschieden wir uns f\u00fcr einen klassischen Ziegelbau mit Wienerberger Porotherm\/38 N+S als Au\u00dfenziegel.&nbsp;&nbsp; F\u00fcr das wohlige Raumklima waren wir sicherlich Vordenker und der damaligen Zeit ein wenig voraus. Wir entschieden uns im gesamten Haus f\u00fcr eine Wandheizung und in der K\u00fcche sowie im&nbsp; Bad zus\u00e4tzlich f\u00fcr eine Fu\u00dfbodenheizung. Aufgrund der Entscheidung f\u00fcr dieses Heizungssystem &#8211; Niedertemperatur ca. 38\u00b0 Vorlauftemperatur &#8211; bietet sich uns heute die M\u00f6glichkeit recht einfach auf ein alternatives Heizungssystem umzur\u00fcsten. Einziger Ausrei\u00dfer ist die Warmwasseraufbereitung, welche zumindest mit ca. 56\u00b0 erfolgen sollte um eine m\u00f6gliche Keimentstehung (Legion\u00e4rskrankheit) zu unterbinden. Die Heizung und die Warmwassererzeugung wird mittels einer Gastherme und einem ca. 200 Liter Kessel betrieben.&nbsp; Beweggr\u00fcnde f\u00fcr die \u00c4nderungDurch die in den letzten Jahren anhaltenden Diskussionen \u00fcber Nachhaltigkeit in vielen unserer Lebensbereiche, verst\u00e4rkte sich dies besonders im Bereich der Energiegewinnung und dem nachhaltigen Heizen. Einer der Aspekte ist, dass unsere Ressourcen von fossilen Energien und Rohstoffen immer geringer werden und speziell auf Seite der Umwelt es unbedingt erforderlich ist in alternative Energietr\u00e4ger zu wechseln. Ein ebenso nicht zu vernachl\u00e4ssigbares Argument sind die stetig steigenden Kosten f\u00fcr GAS, \u00d6l, Strom und Kohle.&nbsp; Ein in unserem Fall wichtiger zus\u00e4tzlicher Punkt ist das Alter der Gastherme und Warmwasserkessel, welche bereits \u00fcber 30 Jahre recht sorgenfrei arbeiteten &#8211; aber die ersten Abnutzungserscheinungen zeigten sich bereits im Zuge der letzten au\u00dferordentlichen Wartungsarbeiten. Somit stellt sich die Frage unabh\u00e4ngig eines verpflichtenden Gasthermentauschs:&nbsp; Wann muss aufgrund eines Defekts die Anlage getauscht werden?&nbsp; Wird es zu dem Zeitpunkt rasch und ausreichend Alternativen geben?&nbsp; Vorweg zur zweiten Frage (Sommer 2022): Derzeit besteht ein massiver Mangel an alternativen Systemen (z.B. W\u00e4rmepumpen) und es bestehen derzeit bereits Wartezeiten von bis zu einem Jahr f\u00fcr Neuinstallationen (Materialmangel, keine Arbeitszeitressourcen zur Verf\u00fcgung).&nbsp; Zitat Martin Luther King&nbsp; &#8220;Denen geh\u00f6rt die Zukunft, die sich bereits heute darauf vorbereiten&#8221; VisionUnser Ziel ist ein \u00f6konomisch, umweltvertr\u00e4gliches, biologisches alternatives Energiegewinnungssystem zu erhalten, welches uns von jeglichem Anbieter unabh\u00e4ngig macht und ausreichend Energie (Heizung\/Warmwasser) und Strom (Strombedarf klassisch inkl. W\u00e4rmepumpe) f\u00fcr alle Bed\u00fcrfnisse liefert. Das Haus soll so vollst\u00e4ndig autark in Energiefragen werden.&nbsp;Derzeit ist es kein Ziel das Haus auch thermisch zu sanieren bzw. besser zu D\u00e4mmen.&nbsp; Was soll verbessert werdenDie derzeitige Gastherme (Heizung\/Warmwasser) soll gegen ein alternatives Energiegewinnungssystem getauscht werden. Das neue System soll eine W\u00e4rmepumpe mit Tiefenbohrung (CO2) oder Luftw\u00e4rmepumpe zur Energiegewinnung sein und eine Solar-Photovoltaik Anlage zur Stromerzeugung f\u00fcr den gesamten Strombedarf inkl. W\u00e4rmepumpe beinhalten.&nbsp; Erwartungshaltung der Detailrecherche&nbsp;Wir hoffen durch die neue Heizungsanlage unabh\u00e4ngig von GAS zu werden und den derzeit (Winter 2021\/22) steigenden Energiepreisen entkommen zu k\u00f6nnen. Mittels einer Solar-Photovoltaik Anlage sollten wir zus\u00e4tzlich ein autarkes System schaffen k\u00f6nnen um nicht nochmals in Abh\u00e4ngigkeit der bestehenden Energieanbieter zu gelangen.&nbsp; \u00d6rtliche VoraussetzungenDer Standort des Hauses ist im Umland Wien. Die s\u00fcdlich (Sonnenseite) gelegene H\u00e4lfte eines Doppelhauses.&nbsp; Hausgr\u00f6\u00dfe und Standort&nbsp;Das Haus hat drei Ebenen zu jede 63m\u00b2 (Summe 189m\u00b2)&nbsp;Das Satteldach hat eine Dachneigung von 40\u00b0 Ost\/West mit einer Fl\u00e4che von ca. 72m\u00b2&nbsp; Aktueller Verbrauch (Strom\/Heizung\/Warmwasser)Stromverbrauch sind ca. 3.500kWh \/ Jahr&nbsp;Gasverbrauch sind im Schnitt ca. 25.000kWh \/ Jahr (Heizung u. Warmwasser)&nbsp; Existierende InstallationDie Gastherme wurde vor ca. 30 Jahren installiert und hat bis heute, mit wenigen Wartungsarbeiten, klaglos funktioniert. Sie sollte auch die kommenden Jahre bis zum vom Gesetzgeber vorgeschrieben Gasausstieg im Jahr 2040, im Einsatz bleiben. Durch die derzeit \u00fcberproportionale Energiepreissteigerung und den F\u00f6rderungsm\u00f6glichkeiten ist ein zeitnaher Umstieg geplant.&nbsp; Leistung (kW) bestehende AnlageDie Gastherme Viessmann hat einen&nbsp;&nbsp;W\u00e4rmeleistungsbereich (Outputrange) von 12 &#8211; 18 kW&nbsp;W\u00e4rmebelastungsbereich (Heatloadrange) von 18,5 &#8211; 29,0 kW&nbsp; HeizungsinstallationIm gesamten Haus ist eine Wandheizung installiert. Zus\u00e4tzlich befindet sich im Bad und K\u00fcche eine Fu\u00dfbodenheizung. Technisch wird die Heizungen mit Niedertemperatur bis ca. 38\u00b0 Vorlauftemperatur betrieben.&nbsp; Ausgearbeitete HandlungsoptionenDie Ausarbeitung alternativer Energien haben wir in ein eigenes Kapitel geschrieben um unabh\u00e4ngig dar\u00fcber zu berichten und unsere Eindr\u00fccke besser darstellen zu k\u00f6nnen. Dem Grunde nach gelten diese Handlungsoptionen (Erkl\u00e4rung der einzelnen betrachteten Energiequellen mit Vor-\/Nachteilen) f\u00fcr alle Case Studies gleich. Der Unterschied besteht aufgrund der individuellen jeweiligen Gegebenheiten von Hausgr\u00f6\u00dfe (Wohnfl\u00e4che), Lage (Ausrichtung Himmelsrichtung), W\u00e4rmeisolierung und r\u00e4umlicher M\u00f6glichkeiten um m\u00f6gliche alternative Energiequellen installieren und betreiben zu k\u00f6nnen.&nbsp; Alternative Energien Berechnung alternativer HeizsystemeDa die Berechnung etwas sehr Spezielles ist und die Verbesserungsma\u00dfnahmen nicht ausschlie\u00dflich von der Umstellung auf ein alternatives Heizungssystem abh\u00e4ngt, finden sich hier nur die Links zu den offiziellen staatlichen Seiten. Auf diesen finden sich immer wieder neuste Trends, Beitr\u00e4ge und Aktualisierungen zum Thema Energiesparen, F\u00f6rderungen und Berechnungstools.&nbsp; Einen schnellen \u00dcberblick erh\u00e4lt man \u00fcber diese Matrix:&nbsp; Energieinstitut Matrix&nbsp;&nbsp; Bundesministerium f\u00fcr Klimaschutz, Umwelt, Energie, Mobilit\u00e4t, Innovation und Technologie&nbsp;&nbsp; Klimaaktiv Diskussion der optimalen L\u00f6sungUm eine Basis zur Entscheidungsfindung zu erhalten, habe ich zu Beginn die rechtlichen Rahmenbedingungen bei der Gemeinde, dem Bezirksbauamt und Wasserschutzbeh\u00f6rde abgekl\u00e4rt. Rechtlich und technisch m\u00f6glich k\u00f6nnte ich bei Ersatz der Gastherme auf eine W\u00e4rmepumpe mit Wasser-Wasser (Brunnen), Luft-Wasser oder Tiefenbohrung umstellen. Da sich jedoch in n\u00e4herer Umgebung bereits mehrere Wasser-Wasser W\u00e4rmepumpen Anlagen befinden, empfiehlt die Wasserschutzbeh\u00f6rde wegen m\u00f6glicher geringerer Effizienz eine der beiden Anderen zu bevorzugen.&nbsp; Da es sich um eine Verbesserungsma\u00dfnahme eines bestehenden Hauses handelt und nicht einem Neubau m\u00fcssen die r\u00e4umlichen M\u00f6glichkeiten mit den technischen ebenso abgestimmt werden. Und so bleiben bei genauer Betrachtung bei den W\u00e4rmepumpen die Luft-Wasser und CO2 Tiefenbohrung \u00fcber. Eine Pelletheizung wird mangels Lagerraums ausgeschlossen.&nbsp; Das bestehende Ost\/West Dach w\u00fcrde von der Fl\u00e4che ausreichen um den Jahresstrombedarf f\u00fcr Haus und W\u00e4rmepumpe mittels Solar-Photovoltaik Anlage zu erzeugen &#8211; zumindest in Verbindung mit einem Batteriespeicher. Solar-Thermie zur Warmwasseraufbereitung ist technisch nicht sinnvoll umsetzbar.&nbsp; Entscheidung \u00fcber das zuk\u00fcnftige HeizsystemMit der Entscheidung auf ein alternatives Heizungssystem wollte ich noch zuwarten, da das bestehende Heizungssystem problemlos seinen Dienst verrichtet und auch von den Kosten, zumindest bis Herbst 2021, mit entsprechendem Tarif sehr g\u00fcnstig war. Dies \u00e4nderte sich durch den Ukraine Konflikt (2022) jedoch schlagartig und wird vermutlich auch in naher Zukunft nicht mehr umkehrbar sein. Durch die derzeitigen F\u00f6rderma\u00dfnahmen f\u00fcr den Umstieg &#8220;raus aus \u00d6L und GAS&#8221; (https:\/\/kesseltausch.at\/) und zus\u00e4tzlichen Bundesf\u00f6rderungen wird der Umstieg sehr schmackhaft gemacht. Aus diesem Grund haben wir uns entschieden auf eine W\u00e4rmepumpe mit CO2 Sonde und Tiefenbohrung zu wechseln. Derzeit pr\u00fcfen wir die Umsetzbarkeit, da die Zufahrt zur m\u00f6glichen Bohrstelle nur \u00fcber ein Nachbargrundst\u00fcck m\u00f6glich ist und somit kommt ein weiterer nicht kalkulierbarere Unsicherheitsfaktor hinzu. Erg\u00e4nzt wird, wenn auch nicht unmittelbar, das neue Heizungssystem durch eine Photovoltaikanlage, welche den erh\u00f6hten W\u00e4rmepumpenstrombedarf ausgleichen soll.&nbsp; Lohnt sich der UmstiegBei n\u00fcchterner Betrachtung w\u00fcrden wir, ohne die derzeit (2021\/22) explodierenden Energiekosten und hervorragenden F\u00f6rderma\u00dfnahmen zu ber\u00fccksichtigen, die hohen Investitionskosten verschieben. Ebenso ist anzunehmen, dass bis zur vorgeschriebene Gasabl\u00f6se im Jahr 2040 noch bessere alternative Heizungssysteme auf den Markt kommen werden.&nbsp; Den Umstieg auf Waldbiomasse &#8211; Holz (Pellet, Hackschnitzel, Holzscheite) finden wir f\u00fcr uns nicht empfehlenswert, da es eine Preisbindung mit \u00d6l\/GAS gib und somit auch hier mit eine stetigen Kostensteigerung zu rechnen ist. Au\u00dferdem ist das Gut-Holz nicht unendlich verf\u00fcgbar. Es sollte nur dort verwendet werden wo ausreichend vorhanden und die Lieferkette kurz ist.&nbsp;&nbsp;<\/p>\n","protected":false},"author":1,"featured_media":0,"parent":64,"menu_order":0,"comment_status":"closed","ping_status":"closed","template":"","meta":[],"_links":{"self":[{"href":"https:\/\/eprojekt.teamx.cc\/index.php\/wp-json\/wp\/v2\/pages\/71"}],"collection":[{"href":"https:\/\/eprojekt.teamx.cc\/index.php\/wp-json\/wp\/v2\/pages"}],"about":[{"href":"https:\/\/eprojekt.teamx.cc\/index.php\/wp-json\/wp\/v2\/types\/page"}],"author":[{"embeddable":true,"href":"https:\/\/eprojekt.teamx.cc\/index.php\/wp-json\/wp\/v2\/users\/1"}],"replies":[{"embeddable":true,"href":"https:\/\/eprojekt.teamx.cc\/index.php\/wp-json\/wp\/v2\/comments?post=71"}],"version-history":[{"count":6,"href":"https:\/\/eprojekt.teamx.cc\/index.php\/wp-json\/wp\/v2\/pages\/71\/revisions"}],"predecessor-version":[{"id":321,"href":"https:\/\/eprojekt.teamx.cc\/index.php\/wp-json\/wp\/v2\/pages\/71\/revisions\/321"}],"up":[{"embeddable":true,"href":"https:\/\/eprojekt.teamx.cc\/index.php\/wp-json\/wp\/v2\/pages\/64"}],"wp:attachment":[{"href":"https:\/\/eprojekt.teamx.cc\/index.php\/wp-json\/wp\/v2\/media?parent=71"}],"curies":[{"name":"wp","href":"https:\/\/api.w.org\/{rel}","templated":true}]}}