{"id":39,"date":"2022-05-10T13:10:17","date_gmt":"2022-05-10T13:10:17","guid":{"rendered":"https:\/\/eprojekt.teamx.cc\/?page_id=39"},"modified":"2022-05-17T15:03:01","modified_gmt":"2022-05-17T15:03:01","slug":"warmepumpen","status":"publish","type":"page","link":"https:\/\/eprojekt.teamx.cc\/index.php\/alternative-energie\/warmepumpen\/","title":{"rendered":"W\u00e4rmepumpen"},"content":{"rendered":"\n<p>Wer kennt sie nicht, die Ventilatoren die bei beinahe jedem Neubau seitlich vor dem Haus stehen? Man sieht sieht sie in den verschiedensten Formen und Farben und es handelt sich hier um eine der beliebtesten und weit verbreitetsten Arten das neue Haus zu heizen und eventuell auch zu k\u00fchlen.<\/p>\n\n\n\n<p>Sehen wir uns hier die verschiedenen M\u00f6glichkeiten genauer an:<\/p>\n\n\n\n<p>Eine W\u00e4rmepumpe entzieht der Umwelt wie Luft, Wasser oder Boden W\u00e4rme und ein kleiner Kompressor komprimiert diese und f\u00fchrt sie dann dem Heizsystem zu. Die Wirkungsweise entspricht somit einem umgekehrten K\u00fchlschrank. Wird allerdings mehr W\u00e4rme ben\u00f6tigt als gerade produziert werden kann so wird diese durch einen elektrischen Heizstab direkt erzeugt. Dies nennt man Bivalenz und ist bei sehr tiefen Temperaturen im Winter n\u00f6tig.&nbsp;<\/p>\n\n\n\n<p>Kommen wir nun zu den Details der einzelnen Techniken:<\/p>\n\n\n\n<p><strong>Wasser-Wasser W\u00e4rmepumpe<\/strong><br>Bei dieser Anlage wird die W\u00e4rme aus dem Grundwasser in W\u00e4rme f\u00fcr das Haus umgewandelt. Ein Vorteil ist, dass selbst im Winter eine relativ konstante Temperatur vorherrscht und Bivalenz nicht n\u00f6tig ist. Der Nachteil ist, dass zus\u00e4tzlich ein Brunnen gegraben werden muss, was die Anschaffung zus\u00e4tzlich verteuert. Zudem sollten der Brunnen und die Anlage auf jeden Fall auch wasserrechtlich genehmigt werden. Ein hoher Eisen- oder Mangangehalt des Brunnenwassers macht eine technische Umsetzung auch unm\u00f6glich.<\/p>\n\n\n\n<p><strong>Luft-Wasser W\u00e4rmepumpe<\/strong><br>Diese Anlage saugt mittels der gro\u00dfen Ventilatoren Luft aus der Umgebung an und \u00fcbertr\u00e4gt diese \u00fcber einen W\u00e4rmetauscher zum Heizsystem. Dies funktioniert auch im Winter allerdings steigt der Stromverbrauch, da der Kompressor einen h\u00f6heren Druck produzieren muss um W\u00e4rme zu gewinnen. Luft ist unendlich vorhanden und auch so fallen kaum zus\u00e4tzliche Investitionskosten an, da weder Tiefenbohrung noch Brunnenbohrung n\u00f6tig sind.&nbsp;<\/p>\n\n\n\n<p><strong>Sole-Wasser W\u00e4rmepumpe<\/strong><br>Diese Anlage nutzt die Erdw\u00e4rme zur Gewinnung von Energie. Hier k\u00f6nnen wir zwischen zwei verschiedenen M\u00f6glichkeiten unterscheiden: eine Tiefbohrung bis zu 100m oder mehr je nach Bodenbeschaffenheit oder Erdkollektoren fl\u00e4chenm\u00e4\u00dfig und nicht so tief eingegraben.<\/p>\n\n\n\n<h2>Vorteile von W\u00e4rmepumpen<\/h2>\n\n\n\n<p>Allen gemeinsam ist, dass es finanzielle F\u00f6rderungen f\u00fcr die Umr\u00fcstung auf W\u00e4rmepumpen gibt. N\u00e4here Details dazu findet man beim Verband W\u00e4rmepumpe Austria (Link unten)<\/p>\n\n\n\n<p><strong>Wasser-Wasser W\u00e4rmepumpe<\/strong><\/p>\n\n\n\n<ul><li>konstante Temperatur der W\u00e4rmequelle, auch im Winter<\/li><li>bestehende Brunnen k\u00f6nnen integriert werden<\/li><li>im Sommer auch K\u00fchlfunktion m\u00f6glich<\/li><\/ul>\n\n\n\n<p><strong>Luft-Wasser W\u00e4rmepumpe<\/strong><\/p>\n\n\n\n<ul><li>geringer Platzbedarf f\u00fcr die Technik, dadurch auch geringere Investitionskosten<\/li><li>auch Aufstellung im Inneren m\u00f6glich<\/li><li>ideal f\u00fcr die Warmwasserbereitung im Sommer<\/li><\/ul>\n\n\n\n<p><strong>Sole-Wasser W\u00e4rmepumpe<\/strong><\/p>\n\n\n\n<ul><li>sehr effizient durch h\u00f6here Quelltemperatur<\/li><li>kann im Sommer auch zur K\u00fchlung verwendet werden<\/li><\/ul>\n\n\n\n<h2>Nachteile von W\u00e4rmepumpen\u00a0<\/h2>\n\n\n\n<p><strong>Wasser-Wasser W\u00e4rmepumpe<\/strong><\/p>\n\n\n\n<ul><li>bewilligungspflichtig, da Grundwasser entnommen wird<\/li><li>Effizienz von Wassermenge und Wasserqualit\u00e4t abh\u00e4ngig<\/li><li>bei sinkendem Grundwasserspiegel eventuell Leistungseinbu\u00dfen<\/li><\/ul>\n\n\n\n<p><strong>Luft-Wasser W\u00e4rmepumpe<\/strong><\/p>\n\n\n\n<ul><li>bei Au\u00dfenaufstellung Gefahr von Vereisung  <\/li><li>in der Regel zus\u00e4tzlicher Heizstab im Winter notwendig<\/li><li>L\u00e4rmentwicklung zum Nachbargrundst\u00fcck ber\u00fccksichtigen<\/li><\/ul>\n\n\n\n<p><strong>Sole-Wasser W\u00e4rmepumpe<\/strong><\/p>\n\n\n\n<ul><li>Effizienz von der Bodenbeschaffenheit abh\u00e4ngig<\/li><li>hoher technischer Aufwand bei Tiefenbohrung und entsprechend hohe Investitionskosten<\/li><\/ul>\n\n\n\n<p><strong>Kosten<\/strong><br>Am g\u00fcnstigsten sind Luft-W\u00e4rmepumpen, da der technische Aufwand hier auch am geringsten ist. Man muss mit Investitionskosten um die \u20ac 15.000 rechnen, nat\u00fcrlich je nach Gr\u00f6\u00dfe des zu versorgenden Objektes. Wasser-Wasser W\u00e4rmepumpen und Erdw\u00e4rmeanlagen sind technisch aufwendiger, (v.a. Tiefenbohrungen), hier muss man mit Kosten von \u20ac 20.000-30.000 rechnen, gegebenenfalls auch dar\u00fcber.<\/p>\n\n\n\n<p>Weitere Informationen bei Verband W\u00e4rmepumpe Austria<\/p>\n\n\n\n<p><a rel=\"noreferrer noopener\" href=\"https:\/\/www.waermepumpe-austria.at\" target=\"_blank\">W<\/a><a rel=\"noreferrer noopener\" href=\"https:\/\/www.waermepumpe-austria.at\" target=\"_blank\">\u00e4<\/a><a rel=\"noreferrer noopener\" href=\"https:\/\/www.waermepumpe-austria.at\" target=\"_blank\">r<\/a><a rel=\"noreferrer noopener\" href=\"https:\/\/www.waermepumpe-austria.at\" target=\"_blank\">m<\/a><a rel=\"noreferrer noopener\" href=\"https:\/\/www.waermepumpe-austria.at\" target=\"_blank\">e<\/a><a rel=\"noreferrer noopener\" href=\"https:\/\/www.waermepumpe-austria.at\" target=\"_blank\">p<\/a><a rel=\"noreferrer noopener\" href=\"https:\/\/www.waermepumpe-austria.at\" target=\"_blank\">u<\/a><a rel=\"noreferrer noopener\" href=\"https:\/\/www.waermepumpe-austria.at\" target=\"_blank\">m<\/a><a rel=\"noreferrer noopener\" href=\"https:\/\/www.waermepumpe-austria.at\" target=\"_blank\">p<\/a><a rel=\"noreferrer noopener\" href=\"https:\/\/www.waermepumpe-austria.at\" target=\"_blank\">e<\/a><a rel=\"noreferrer noopener\" href=\"https:\/\/www.waermepumpe-austria.at\" target=\"_blank\"> <\/a><a rel=\"noreferrer noopener\" href=\"https:\/\/www.waermepumpe-austria.at\" target=\"_blank\">A<\/a><a rel=\"noreferrer noopener\" href=\"https:\/\/www.waermepumpe-austria.at\" target=\"_blank\">u<\/a><a rel=\"noreferrer noopener\" href=\"https:\/\/www.waermepumpe-austria.at\" target=\"_blank\">s<\/a><a rel=\"noreferrer noopener\" href=\"https:\/\/www.waermepumpe-austria.at\" target=\"_blank\">t<\/a><a rel=\"noreferrer noopener\" href=\"https:\/\/www.waermepumpe-austria.at\" target=\"_blank\">r<\/a><a rel=\"noreferrer noopener\" href=\"https:\/\/www.waermepumpe-austria.at\" target=\"_blank\">i<\/a><a rel=\"noreferrer noopener\" href=\"https:\/\/www.waermepumpe-austria.at\" target=\"_blank\">a<\/a><\/p>\n","protected":false},"excerpt":{"rendered":"<p>Wer kennt sie nicht, die Ventilatoren die bei beinahe jedem Neubau seitlich vor dem Haus stehen? Man sieht sieht sie in den verschiedensten Formen und Farben und es handelt sich hier um eine der beliebtesten und weit verbreitetsten Arten das neue Haus zu heizen und eventuell auch zu k\u00fchlen. Sehen wir uns hier die verschiedenen M\u00f6glichkeiten genauer an: Eine W\u00e4rmepumpe entzieht der Umwelt wie Luft, Wasser oder Boden W\u00e4rme und ein kleiner Kompressor komprimiert diese und f\u00fchrt sie dann dem Heizsystem zu. Die Wirkungsweise entspricht somit einem umgekehrten K\u00fchlschrank. Wird allerdings mehr W\u00e4rme ben\u00f6tigt als gerade produziert werden kann so wird diese durch einen elektrischen Heizstab direkt erzeugt. Dies nennt man Bivalenz und ist bei sehr tiefen Temperaturen im Winter n\u00f6tig.&nbsp; Kommen wir nun zu den Details der einzelnen Techniken: Wasser-Wasser W\u00e4rmepumpeBei dieser Anlage wird die W\u00e4rme aus dem Grundwasser in W\u00e4rme f\u00fcr das Haus umgewandelt. Ein Vorteil ist, dass selbst im Winter eine relativ konstante Temperatur vorherrscht und Bivalenz nicht n\u00f6tig ist. Der Nachteil ist, dass zus\u00e4tzlich ein Brunnen gegraben werden muss, was die Anschaffung zus\u00e4tzlich verteuert. Zudem sollten der Brunnen und die Anlage auf jeden Fall auch wasserrechtlich genehmigt werden. Ein hoher Eisen- oder Mangangehalt des Brunnenwassers macht eine technische Umsetzung auch unm\u00f6glich. Luft-Wasser W\u00e4rmepumpeDiese Anlage saugt mittels der gro\u00dfen Ventilatoren Luft aus der Umgebung an und \u00fcbertr\u00e4gt diese \u00fcber einen W\u00e4rmetauscher zum Heizsystem. Dies funktioniert auch im Winter allerdings steigt der Stromverbrauch, da der Kompressor einen h\u00f6heren Druck produzieren muss um W\u00e4rme zu gewinnen. Luft ist unendlich vorhanden und auch so fallen kaum zus\u00e4tzliche Investitionskosten an, da weder Tiefenbohrung noch Brunnenbohrung n\u00f6tig sind.&nbsp; Sole-Wasser W\u00e4rmepumpeDiese Anlage nutzt die Erdw\u00e4rme zur Gewinnung von Energie. Hier k\u00f6nnen wir zwischen zwei verschiedenen M\u00f6glichkeiten unterscheiden: eine Tiefbohrung bis zu 100m oder mehr je nach Bodenbeschaffenheit oder Erdkollektoren fl\u00e4chenm\u00e4\u00dfig und nicht so tief eingegraben. Vorteile von W\u00e4rmepumpen Allen gemeinsam ist, dass es finanzielle F\u00f6rderungen f\u00fcr die Umr\u00fcstung auf W\u00e4rmepumpen gibt. N\u00e4here Details dazu findet man beim Verband W\u00e4rmepumpe Austria (Link unten) Wasser-Wasser W\u00e4rmepumpe konstante Temperatur der W\u00e4rmequelle, auch im Winter bestehende Brunnen k\u00f6nnen integriert werden im Sommer auch K\u00fchlfunktion m\u00f6glich Luft-Wasser W\u00e4rmepumpe geringer Platzbedarf f\u00fcr die Technik, dadurch auch geringere Investitionskosten auch Aufstellung im Inneren m\u00f6glich ideal f\u00fcr die Warmwasserbereitung im Sommer Sole-Wasser W\u00e4rmepumpe sehr effizient durch h\u00f6here Quelltemperatur kann im Sommer auch zur K\u00fchlung verwendet werden Nachteile von W\u00e4rmepumpen\u00a0 Wasser-Wasser W\u00e4rmepumpe bewilligungspflichtig, da Grundwasser entnommen wird Effizienz von Wassermenge und Wasserqualit\u00e4t abh\u00e4ngig bei sinkendem Grundwasserspiegel eventuell Leistungseinbu\u00dfen Luft-Wasser W\u00e4rmepumpe bei Au\u00dfenaufstellung Gefahr von Vereisung in der Regel zus\u00e4tzlicher Heizstab im Winter notwendig L\u00e4rmentwicklung zum Nachbargrundst\u00fcck ber\u00fccksichtigen Sole-Wasser W\u00e4rmepumpe Effizienz von der Bodenbeschaffenheit abh\u00e4ngig hoher technischer Aufwand bei Tiefenbohrung und entsprechend hohe Investitionskosten KostenAm g\u00fcnstigsten sind Luft-W\u00e4rmepumpen, da der technische Aufwand hier auch am geringsten ist. Man muss mit Investitionskosten um die \u20ac 15.000 rechnen, nat\u00fcrlich je nach Gr\u00f6\u00dfe des zu versorgenden Objektes. Wasser-Wasser W\u00e4rmepumpen und Erdw\u00e4rmeanlagen sind technisch aufwendiger, (v.a. Tiefenbohrungen), hier muss man mit Kosten von \u20ac 20.000-30.000 rechnen, gegebenenfalls auch dar\u00fcber. Weitere Informationen bei Verband W\u00e4rmepumpe Austria W\u00e4rmepumpe Austria<\/p>\n","protected":false},"author":1,"featured_media":0,"parent":63,"menu_order":0,"comment_status":"closed","ping_status":"closed","template":"","meta":[],"_links":{"self":[{"href":"https:\/\/eprojekt.teamx.cc\/index.php\/wp-json\/wp\/v2\/pages\/39"}],"collection":[{"href":"https:\/\/eprojekt.teamx.cc\/index.php\/wp-json\/wp\/v2\/pages"}],"about":[{"href":"https:\/\/eprojekt.teamx.cc\/index.php\/wp-json\/wp\/v2\/types\/page"}],"author":[{"embeddable":true,"href":"https:\/\/eprojekt.teamx.cc\/index.php\/wp-json\/wp\/v2\/users\/1"}],"replies":[{"embeddable":true,"href":"https:\/\/eprojekt.teamx.cc\/index.php\/wp-json\/wp\/v2\/comments?post=39"}],"version-history":[{"count":6,"href":"https:\/\/eprojekt.teamx.cc\/index.php\/wp-json\/wp\/v2\/pages\/39\/revisions"}],"predecessor-version":[{"id":138,"href":"https:\/\/eprojekt.teamx.cc\/index.php\/wp-json\/wp\/v2\/pages\/39\/revisions\/138"}],"up":[{"embeddable":true,"href":"https:\/\/eprojekt.teamx.cc\/index.php\/wp-json\/wp\/v2\/pages\/63"}],"wp:attachment":[{"href":"https:\/\/eprojekt.teamx.cc\/index.php\/wp-json\/wp\/v2\/media?parent=39"}],"curies":[{"name":"wp","href":"https:\/\/api.w.org\/{rel}","templated":true}]}}