{"id":36,"date":"2022-05-10T12:51:58","date_gmt":"2022-05-10T12:51:58","guid":{"rendered":"https:\/\/eprojekt.teamx.cc\/?page_id=36"},"modified":"2022-05-18T10:34:08","modified_gmt":"2022-05-18T10:34:08","slug":"photovoltaik","status":"publish","type":"page","link":"https:\/\/eprojekt.teamx.cc\/index.php\/alternative-energie\/photovoltaik\/","title":{"rendered":"Photovoltaik"},"content":{"rendered":"\n<p>Unter dem Begriff Photovoltaik versteht man die Umwandlung von Sonnenlicht in elektrische Energie. Diese Technik der Energieerzeugung wird seit den sp\u00e4ten 1950er Jahren konventionell in der Raumfahrt genutzt, sp\u00e4ter wurden auch kleinere elektrische Ger\u00e4te wie z.B. Taschenrechner damit betrieben. Heute stellt diese Art der Energieerzeugung ein wichtiges Mittel dar, um langfristig auf den Einsatz von fossilen Energietr\u00e4gern zur Energiebereitung zu verzichten und um damit einen wichtigen Weg zu beschreiten der globalen Klimaerw\u00e4rmung entgegenzuwirken.<\/p>\n\n\n\n<p><strong>Details zur Wirkweise&nbsp;<\/strong><br>Die Umwandlung von Sonnenlicht in elektrische Energie erfolgt mittels einer sogenannten Solarzelle.&nbsp;<\/p>\n\n\n\n<p>Eine Solarzelle besteht aus einem Halbleiterwerkstoff, in der Regel Silizium. Halbleiter haben die besondere Eigenschaft, dass durch zugef\u00fchrte Energie von au\u00dfen (Sonnenlicht) freie Ladungstr\u00e4ger (Elektronen) erzeugt werden k\u00f6nnen. Dadurch entsteht ein nutzbarer, elektrischer Strom.&nbsp;<\/p>\n\n\n\n<p>Eine einzelne Solarzelle w\u00fcrde nur eine geringe Strommenge liefern, es werden daher viele Solarzellen miteinander gekoppelt, wodurch ein Photovoltaik Modul entsteht.<\/p>\n\n\n\n<p>Es gibt unterschiedliche Ausf\u00fchrungen von Silizium-Solarzellen, z. B. ob die Solarzelle aus einem gro\u00dfen oder vielen zusammengesetzten kleinen Kristallen besteht (monokristalline oder polykristalline Zellen), man kann das Silizium aber auch zu einer amorphen Masse verschmelzen und diese als d\u00fcnne Schicht auf die Solarzelle aufzudampfen (D\u00fcnnschichtmodule). Je nachdem kann man g\u00fcnstiger oder teurer produzieren, damit verkn\u00fcpft sind aber auch unterschiedlich hohe Wirkungsgrade, beginnend von etwa 5% bei D\u00fcnnschichtzellen bis maximal 20% bei monokristalline Siliziumzellen.<\/p>\n\n\n\n<p>Eine neuere Entwicklung w\u00e4ren organische Kunststoffe als Ausgangsmaterial f\u00fcr Solarzellen.&nbsp; Diese w\u00e4ren wesentlich g\u00fcnstiger in der Herstellung, allerdings sind die im Moment erzielbaren Wirkungsgrade noch gering, sodass sie zurzeit noch nicht im gro\u00dfen Umfang angewendet werden.<\/p>\n\n\n\n<p>Die H\u00f6chstleistung einer Photovoltaikanlage wird in Kilowatt Peak angegeben (kWp), ein Wert, der unter standardisierten Testbedingungen gemessen wird.<\/p>\n\n\n\n<p><strong>Vorteile einer Photovoltaik Anlage&nbsp;<\/strong><\/p>\n\n\n\n<ul><li>\u00d6kologisch sinnvolle Art der Stromerzeugung, ohne sch\u00e4dliche Auswirkung auf die Umwelt wie bei fossilen Energietr\u00e4gern (CO2-Emissionen, Klimaerw\u00e4rmung) oder langfristig problematischen Auswirkungen durch Lagerung von radioaktiven Substanzen (Atomenergie)<\/li><li>Keine beweglichen Verschlei\u00dfteile, dadurch geringer Aufwand f\u00fcr Wartung und Instandhaltung. Lebensdauer der Anlage etwa 25-30 Jahre (nur der Wechselrichter hat eine k\u00fcrzere Lebensdauer)<\/li><li>Mehr Unabh\u00e4ngigkeit von externen Energiequellen durch hohen Verbrauch des selbst erzeugten Stroms&nbsp;<\/li><li>Photovoltaikanlage mit Batteriespeicher und Notstromfunktion m\u00f6glich<\/li><\/ul>\n\n\n\n<p><strong>Nachteile einer Photovoltaik Anlage&nbsp;<\/strong><\/p>\n\n\n\n<ul><li>Hohe Anschaffungskosten, lange Amortisationszeit<\/li><li>Unregelm\u00e4\u00dfige Ausbeute (die erzeugte Strommenge h\u00e4ngt von Tageszeit und Witterung ab)<\/li><li>Fl\u00e4chenbedarf f\u00fcr Photovoltaik Module und entsprechende geografische Ausrichtung der Fl\u00e4che<\/li><li>Durch die derzeit (2021\/22) bestehende hohe Nachfrage sowie Lieferproblematik (Ukraine Krieg, Corona Pandemie) gibt es im Augenblick lange Wartezeiten in der Anschaffung<\/li><\/ul>\n\n\n\n<p><strong>Kosten&nbsp;<\/strong><br>Die Kosten f\u00fcr Photovoltaikanlagen sind in den letzten Jahren deutlich gesunken, dennoch muss man f\u00fcr eine Anlage von etwa 3,5 \u2013 4 kWp mit Anschaffungskosten von etwa \u20ac 10.000 rechnen.&nbsp;<br>&nbsp;<br><a rel=\"noreferrer noopener\" href=\"\/\/pvaustria.at\" data-type=\"URL\" data-id=\"ttps:\/\/pvaustria.at\" target=\"_blank\">BUNDESVERBAND PHOTOVOLTAIC AUSTRIA&nbsp;<\/a><\/p>\n\n\n\n<p><a href=\"https:\/\/www.evn.at\/Privatkunden\/joulie.aspx\" target=\"_blank\" rel=\"noreferrer noopener\">EVN AG<\/a><br>\u00a0<\/p>\n","protected":false},"excerpt":{"rendered":"<p>Unter dem Begriff Photovoltaik versteht man die Umwandlung von Sonnenlicht in elektrische Energie. Diese Technik der Energieerzeugung wird seit den sp\u00e4ten 1950er Jahren konventionell in der Raumfahrt genutzt, sp\u00e4ter wurden auch kleinere elektrische Ger\u00e4te wie z.B. Taschenrechner damit betrieben. Heute stellt diese Art der Energieerzeugung ein wichtiges Mittel dar, um langfristig auf den Einsatz von fossilen Energietr\u00e4gern zur Energiebereitung zu verzichten und um damit einen wichtigen Weg zu beschreiten der globalen Klimaerw\u00e4rmung entgegenzuwirken. Details zur Wirkweise&nbsp;Die Umwandlung von Sonnenlicht in elektrische Energie erfolgt mittels einer sogenannten Solarzelle.&nbsp; Eine Solarzelle besteht aus einem Halbleiterwerkstoff, in der Regel Silizium. Halbleiter haben die besondere Eigenschaft, dass durch zugef\u00fchrte Energie von au\u00dfen (Sonnenlicht) freie Ladungstr\u00e4ger (Elektronen) erzeugt werden k\u00f6nnen. Dadurch entsteht ein nutzbarer, elektrischer Strom.&nbsp; Eine einzelne Solarzelle w\u00fcrde nur eine geringe Strommenge liefern, es werden daher viele Solarzellen miteinander gekoppelt, wodurch ein Photovoltaik Modul entsteht. Es gibt unterschiedliche Ausf\u00fchrungen von Silizium-Solarzellen, z. B. ob die Solarzelle aus einem gro\u00dfen oder vielen zusammengesetzten kleinen Kristallen besteht (monokristalline oder polykristalline Zellen), man kann das Silizium aber auch zu einer amorphen Masse verschmelzen und diese als d\u00fcnne Schicht auf die Solarzelle aufzudampfen (D\u00fcnnschichtmodule). Je nachdem kann man g\u00fcnstiger oder teurer produzieren, damit verkn\u00fcpft sind aber auch unterschiedlich hohe Wirkungsgrade, beginnend von etwa 5% bei D\u00fcnnschichtzellen bis maximal 20% bei monokristalline Siliziumzellen. Eine neuere Entwicklung w\u00e4ren organische Kunststoffe als Ausgangsmaterial f\u00fcr Solarzellen.&nbsp; Diese w\u00e4ren wesentlich g\u00fcnstiger in der Herstellung, allerdings sind die im Moment erzielbaren Wirkungsgrade noch gering, sodass sie zurzeit noch nicht im gro\u00dfen Umfang angewendet werden. Die H\u00f6chstleistung einer Photovoltaikanlage wird in Kilowatt Peak angegeben (kWp), ein Wert, der unter standardisierten Testbedingungen gemessen wird. Vorteile einer Photovoltaik Anlage&nbsp; \u00d6kologisch sinnvolle Art der Stromerzeugung, ohne sch\u00e4dliche Auswirkung auf die Umwelt wie bei fossilen Energietr\u00e4gern (CO2-Emissionen, Klimaerw\u00e4rmung) oder langfristig problematischen Auswirkungen durch Lagerung von radioaktiven Substanzen (Atomenergie) Keine beweglichen Verschlei\u00dfteile, dadurch geringer Aufwand f\u00fcr Wartung und Instandhaltung. Lebensdauer der Anlage etwa 25-30 Jahre (nur der Wechselrichter hat eine k\u00fcrzere Lebensdauer) Mehr Unabh\u00e4ngigkeit von externen Energiequellen durch hohen Verbrauch des selbst erzeugten Stroms&nbsp; Photovoltaikanlage mit Batteriespeicher und Notstromfunktion m\u00f6glich Nachteile einer Photovoltaik Anlage&nbsp; Hohe Anschaffungskosten, lange Amortisationszeit Unregelm\u00e4\u00dfige Ausbeute (die erzeugte Strommenge h\u00e4ngt von Tageszeit und Witterung ab) Fl\u00e4chenbedarf f\u00fcr Photovoltaik Module und entsprechende geografische Ausrichtung der Fl\u00e4che Durch die derzeit (2021\/22) bestehende hohe Nachfrage sowie Lieferproblematik (Ukraine Krieg, Corona Pandemie) gibt es im Augenblick lange Wartezeiten in der Anschaffung Kosten&nbsp;Die Kosten f\u00fcr Photovoltaikanlagen sind in den letzten Jahren deutlich gesunken, dennoch muss man f\u00fcr eine Anlage von etwa 3,5 \u2013 4 kWp mit Anschaffungskosten von etwa \u20ac 10.000 rechnen.&nbsp;&nbsp;BUNDESVERBAND PHOTOVOLTAIC AUSTRIA&nbsp; EVN AG\u00a0<\/p>\n","protected":false},"author":1,"featured_media":0,"parent":63,"menu_order":0,"comment_status":"closed","ping_status":"closed","template":"","meta":[],"_links":{"self":[{"href":"https:\/\/eprojekt.teamx.cc\/index.php\/wp-json\/wp\/v2\/pages\/36"}],"collection":[{"href":"https:\/\/eprojekt.teamx.cc\/index.php\/wp-json\/wp\/v2\/pages"}],"about":[{"href":"https:\/\/eprojekt.teamx.cc\/index.php\/wp-json\/wp\/v2\/types\/page"}],"author":[{"embeddable":true,"href":"https:\/\/eprojekt.teamx.cc\/index.php\/wp-json\/wp\/v2\/users\/1"}],"replies":[{"embeddable":true,"href":"https:\/\/eprojekt.teamx.cc\/index.php\/wp-json\/wp\/v2\/comments?post=36"}],"version-history":[{"count":10,"href":"https:\/\/eprojekt.teamx.cc\/index.php\/wp-json\/wp\/v2\/pages\/36\/revisions"}],"predecessor-version":[{"id":207,"href":"https:\/\/eprojekt.teamx.cc\/index.php\/wp-json\/wp\/v2\/pages\/36\/revisions\/207"}],"up":[{"embeddable":true,"href":"https:\/\/eprojekt.teamx.cc\/index.php\/wp-json\/wp\/v2\/pages\/63"}],"wp:attachment":[{"href":"https:\/\/eprojekt.teamx.cc\/index.php\/wp-json\/wp\/v2\/media?parent=36"}],"curies":[{"name":"wp","href":"https:\/\/api.w.org\/{rel}","templated":true}]}}