{"id":2,"date":"2022-04-13T14:28:12","date_gmt":"2022-04-13T14:28:12","guid":{"rendered":"https:\/\/eprojekt.teamx.cc\/?page_id=2"},"modified":"2022-05-19T13:07:09","modified_gmt":"2022-05-19T13:07:09","slug":"sample-page","status":"publish","type":"page","link":"https:\/\/eprojekt.teamx.cc\/index.php\/alternative-energie\/sample-page\/","title":{"rendered":"Verbrennung von Waldbiomasse"},"content":{"rendered":"\n<p>Holz ist der \u00e4lteste aller Brennstoffe und wurde schon lange vor Anbeginn der Zivilisation zum Kochen und Heizen verwendet. Erstaunlicherweise ist es immer noch sehr beliebt, und trotz der F\u00fclle von Alternativen ist die Holzverbrennung immer noch auf dem Vormarsch. Es gibt verschiedene Arten von aufbereitetem Holzbrennstoff &#8211; Holzsp\u00e4ne, Holzpellets und Briketts. <a rel=\"noreferrer noopener\" href=\"https:\/\/de.wikipedia.org\/wiki\/Energieholz\" target=\"_blank\">Energieholz<\/a> (04.05.2022)&nbsp;<br>F\u00fcr die Gewinnung von Holz als Brennstoff m\u00fcssen B\u00e4ume gef\u00e4llt werden, was zur Abholzung der W\u00e4lder f\u00fchrt. Dies wiederum f\u00fchrt zu Umweltverschmutzung und mehr Kohlendioxid in der Atmosph\u00e4re. Obwohl Holz also eine erneuerbare Energiequelle ist, ist es als Brennstoff nicht ratsam, da es zu einer gr\u00f6\u00dferen Umweltverschmutzung f\u00fchrt.&nbsp;<\/p>\n\n\n\n<p><br><strong>Pelletbrennstoffe<\/strong>&nbsp;<\/p>\n\n\n\n<p>Pelletbrennstoffe sind Biobrennstoffe, die aus gepressten organischen Stoffen oder Biomasse hergestellt werden. Pellets k\u00f6nnen aus einer von f\u00fcnf allgemeinen Kategorien von Biomasse hergestellt werden: Industrieabf\u00e4lle und Nebenprodukte, Lebensmittelabf\u00e4lle, landwirtschaftliche R\u00fcckst\u00e4nde, Energiepflanzen und unbehandeltes Holz. Holzpellets sind die g\u00e4ngigste Art von Pelletbrennstoffen und werden im Allgemeinen aus gepressten S\u00e4gesp\u00e4nen und verwandten Industrieabf\u00e4llen aus der Holzverarbeitung, der Herstellung von Holzprodukten und M\u00f6beln sowie dem Baugewerbe hergestellt.&nbsp;<\/p>\n\n\n\n<p>Pellets werden nach ihrem Heizwert, ihrem Feuchtigkeits- und Aschegehalt und ihren Abmessungen eingeteilt. Sie k\u00f6nnen als Brennstoffe f\u00fcr die Stromerzeugung, f\u00fcr gewerbliche oder private Heizzwecke und zum Kochen verwendet werden. Pellets sind extrem dicht und k\u00f6nnen mit einem niedrigen Feuchtigkeitsgehalt (unter 10 %) hergestellt werden, der eine Verbrennung mit sehr hohem Wirkungsgrad erm\u00f6glicht.&nbsp;<br><a rel=\"noreferrer noopener\" href=\"https:\/\/de.wikipedia.org\/wiki\/Holzpellet\" target=\"_blank\">Holzpellet <\/a>(04.05.2022)&nbsp;<br>&nbsp;<br><strong>Vor- und Nachteile<\/strong>&nbsp;<br>Sie werden aus nachwachsenden Rohstoffen wie Holzsp\u00e4nen und S\u00e4gemehl hergestellt. \u00d6sterreich ist eines der waldreichsten L\u00e4nder in Europa. Jedes Jahr wachsen mehr als 30 Millionen Festmeter Holz nach. Der Holzvorrat in den \u00f6sterreichischen W\u00e4ldern nimmt trotz intensiver Nutzung f\u00fcr Bauholz, PSie werden aus nachwachsenden Rohstoffen wie Holzsp\u00e4nen und S\u00e4gemehl hergestellt. \u00d6sterreich ist eines der waldreichsten L\u00e4nder in Europa. Jedes Jahr wachsen mehr als 30 Millionen Festmeter Holz nach. Der Holzvorrat in den \u00f6sterreichischen W\u00e4ldern nimmt trotz intensiver Nutzung f\u00fcr Bauholz, Papierproduktion und als Energietr\u00e4ger seit Jahren zu.<\/p>\n\n\n\n<p><strong>Vorteile von Pelletbrennstoffen<\/strong><\/p>\n\n\n\n<ul><li>Umweltfreundlich aufgrund des nachwachsenden Brennstoffes<\/li><li>Amortisiert sich im Betrieb (ab ca. 15 Jahren)<\/li><li>G\u00fcnstiger Brennstoff&nbsp;<\/li><\/ul>\n\n\n\n<p><strong>Nachteile<\/strong> <strong>von Pelletbrennstoffen<\/strong><\/p>\n\n\n\n<ul><li>Hohe Anschaffungskosten<\/li><li>Hoher Platzbedarf f\u00fcr die Lagerung der Pellets<\/li><li>Anbau und Produktion des Brennstoffes notwendig (im Vergleich zur W\u00e4rmepumpe)<\/li><\/ul>\n\n\n\n<p><br><strong>Kosten<\/strong>&nbsp;<br>F\u00fcr eine Pellet-Hausheizung ist mit Investitionskosten von \u20ac 15.000 &#8211; 20.000 inklusive Lager- und Zuf\u00fchrsystem zu rechnen.<\/p>\n\n\n\n<p><strong>Weiterf\u00fchrende Informationen zu F\u00f6rderungen<\/strong><\/p>\n\n\n\n<p>F\u00fcr Pellet-Hausheizungen gibt es F\u00f6rderungen von Bund, L\u00e4ndern und Gemeinden, die den Umstieg von einer fossilen Heizung auf Pellets unterst\u00fctzen und sind individuell zu pr\u00fcfen.<\/p>\n\n\n\n<p><a href=\"https:\/\/www.propellets.at\/foerderungen\" data-type=\"URL\" data-id=\"https:\/\/www.propellets.at\/foerderungen\" target=\"_blank\" rel=\"noreferrer noopener\">PROPELLETS AUSTRIA<\/a><\/p>\n\n\n\n<p><a href=\"https:\/\/www.umweltfoerderung.at\/privatpersonen\/raus-aus-oel.html\" data-type=\"URL\" data-id=\"https:\/\/www.umweltfoerderung.at\/privatpersonen\/raus-aus-oel.html\" target=\"_blank\" rel=\"noreferrer noopener\">KOMMUNALKREDIT PUBLIC CONSULTING<\/a><\/p>\n","protected":false},"excerpt":{"rendered":"<p>Holz ist der \u00e4lteste aller Brennstoffe und wurde schon lange vor Anbeginn der Zivilisation zum Kochen und Heizen verwendet. Erstaunlicherweise ist es immer noch sehr beliebt, und trotz der F\u00fclle von Alternativen ist die Holzverbrennung immer noch auf dem Vormarsch. Es gibt verschiedene Arten von aufbereitetem Holzbrennstoff &#8211; Holzsp\u00e4ne, Holzpellets und Briketts. Energieholz (04.05.2022)&nbsp;F\u00fcr die Gewinnung von Holz als Brennstoff m\u00fcssen B\u00e4ume gef\u00e4llt werden, was zur Abholzung der W\u00e4lder f\u00fchrt. Dies wiederum f\u00fchrt zu Umweltverschmutzung und mehr Kohlendioxid in der Atmosph\u00e4re. Obwohl Holz also eine erneuerbare Energiequelle ist, ist es als Brennstoff nicht ratsam, da es zu einer gr\u00f6\u00dferen Umweltverschmutzung f\u00fchrt.&nbsp; Pelletbrennstoffe&nbsp; Pelletbrennstoffe sind Biobrennstoffe, die aus gepressten organischen Stoffen oder Biomasse hergestellt werden. Pellets k\u00f6nnen aus einer von f\u00fcnf allgemeinen Kategorien von Biomasse hergestellt werden: Industrieabf\u00e4lle und Nebenprodukte, Lebensmittelabf\u00e4lle, landwirtschaftliche R\u00fcckst\u00e4nde, Energiepflanzen und unbehandeltes Holz. Holzpellets sind die g\u00e4ngigste Art von Pelletbrennstoffen und werden im Allgemeinen aus gepressten S\u00e4gesp\u00e4nen und verwandten Industrieabf\u00e4llen aus der Holzverarbeitung, der Herstellung von Holzprodukten und M\u00f6beln sowie dem Baugewerbe hergestellt.&nbsp; Pellets werden nach ihrem Heizwert, ihrem Feuchtigkeits- und Aschegehalt und ihren Abmessungen eingeteilt. Sie k\u00f6nnen als Brennstoffe f\u00fcr die Stromerzeugung, f\u00fcr gewerbliche oder private Heizzwecke und zum Kochen verwendet werden. Pellets sind extrem dicht und k\u00f6nnen mit einem niedrigen Feuchtigkeitsgehalt (unter 10 %) hergestellt werden, der eine Verbrennung mit sehr hohem Wirkungsgrad erm\u00f6glicht.&nbsp;Holzpellet (04.05.2022)&nbsp;&nbsp;Vor- und Nachteile&nbsp;Sie werden aus nachwachsenden Rohstoffen wie Holzsp\u00e4nen und S\u00e4gemehl hergestellt. \u00d6sterreich ist eines der waldreichsten L\u00e4nder in Europa. Jedes Jahr wachsen mehr als 30 Millionen Festmeter Holz nach. Der Holzvorrat in den \u00f6sterreichischen W\u00e4ldern nimmt trotz intensiver Nutzung f\u00fcr Bauholz, PSie werden aus nachwachsenden Rohstoffen wie Holzsp\u00e4nen und S\u00e4gemehl hergestellt. \u00d6sterreich ist eines der waldreichsten L\u00e4nder in Europa. Jedes Jahr wachsen mehr als 30 Millionen Festmeter Holz nach. Der Holzvorrat in den \u00f6sterreichischen W\u00e4ldern nimmt trotz intensiver Nutzung f\u00fcr Bauholz, Papierproduktion und als Energietr\u00e4ger seit Jahren zu. Vorteile von Pelletbrennstoffen Umweltfreundlich aufgrund des nachwachsenden Brennstoffes Amortisiert sich im Betrieb (ab ca. 15 Jahren) G\u00fcnstiger Brennstoff&nbsp; Nachteile von Pelletbrennstoffen Hohe Anschaffungskosten Hoher Platzbedarf f\u00fcr die Lagerung der Pellets Anbau und Produktion des Brennstoffes notwendig (im Vergleich zur W\u00e4rmepumpe) Kosten&nbsp;F\u00fcr eine Pellet-Hausheizung ist mit Investitionskosten von \u20ac 15.000 &#8211; 20.000 inklusive Lager- und Zuf\u00fchrsystem zu rechnen. Weiterf\u00fchrende Informationen zu F\u00f6rderungen F\u00fcr Pellet-Hausheizungen gibt es F\u00f6rderungen von Bund, L\u00e4ndern und Gemeinden, die den Umstieg von einer fossilen Heizung auf Pellets unterst\u00fctzen und sind individuell zu pr\u00fcfen. PROPELLETS AUSTRIA KOMMUNALKREDIT PUBLIC CONSULTING<\/p>\n","protected":false},"author":1,"featured_media":0,"parent":63,"menu_order":0,"comment_status":"closed","ping_status":"closed","template":"","meta":[],"_links":{"self":[{"href":"https:\/\/eprojekt.teamx.cc\/index.php\/wp-json\/wp\/v2\/pages\/2"}],"collection":[{"href":"https:\/\/eprojekt.teamx.cc\/index.php\/wp-json\/wp\/v2\/pages"}],"about":[{"href":"https:\/\/eprojekt.teamx.cc\/index.php\/wp-json\/wp\/v2\/types\/page"}],"author":[{"embeddable":true,"href":"https:\/\/eprojekt.teamx.cc\/index.php\/wp-json\/wp\/v2\/users\/1"}],"replies":[{"embeddable":true,"href":"https:\/\/eprojekt.teamx.cc\/index.php\/wp-json\/wp\/v2\/comments?post=2"}],"version-history":[{"count":9,"href":"https:\/\/eprojekt.teamx.cc\/index.php\/wp-json\/wp\/v2\/pages\/2\/revisions"}],"predecessor-version":[{"id":314,"href":"https:\/\/eprojekt.teamx.cc\/index.php\/wp-json\/wp\/v2\/pages\/2\/revisions\/314"}],"up":[{"embeddable":true,"href":"https:\/\/eprojekt.teamx.cc\/index.php\/wp-json\/wp\/v2\/pages\/63"}],"wp:attachment":[{"href":"https:\/\/eprojekt.teamx.cc\/index.php\/wp-json\/wp\/v2\/media?parent=2"}],"curies":[{"name":"wp","href":"https:\/\/api.w.org\/{rel}","templated":true}]}}